{"id":18676,"date":"2021-04-27T16:02:24","date_gmt":"2021-04-27T16:02:24","guid":{"rendered":"https:\/\/cf-motors.de\/?page_id=18676"},"modified":"2023-03-14T10:37:31","modified_gmt":"2023-03-14T10:37:31","slug":"impressum","status":"publish","type":"page","link":"https:\/\/cf-motors.de\/pt\/impressum\/","title":{"rendered":"Impress\u00e3o"},"content":{"rendered":"<div data-elementor-type=\"wp-page\" data-elementor-id=\"18676\" class=\"elementor elementor-18676\" data-elementor-post-type=\"page\">\n\t\t\t\t\t\t<section class=\"elementor-section elementor-top-section elementor-element elementor-element-537ab81 elementor-section-boxed elementor-section-height-default elementor-section-height-default\" data-id=\"537ab81\" data-element_type=\"section\" data-e-type=\"section\">\n\t\t\t\t\t\t<div class=\"elementor-container elementor-column-gap-default\">\n\t\t\t\t\t<div class=\"elementor-column elementor-col-100 elementor-top-column elementor-element elementor-element-acb99d7\" data-id=\"acb99d7\" data-element_type=\"column\" data-e-type=\"column\">\n\t\t\t<div class=\"elementor-widget-wrap elementor-element-populated\">\n\t\t\t\t\t\t<div class=\"elementor-element elementor-element-361423d elementor-widget elementor-widget-heading\" data-id=\"361423d\" data-element_type=\"widget\" data-e-type=\"widget\" data-widget_type=\"heading.default\">\n\t\t\t\t<div class=\"elementor-widget-container\">\n\t\t\t\t\t<h2 class=\"elementor-heading-title elementor-size-default\">Impress\u00e3o<\/h2>\t\t\t\t<\/div>\n\t\t\t\t<\/div>\n\t\t\t\t<div class=\"elementor-element elementor-element-74ea431 elementor-widget elementor-widget-text-editor\" data-id=\"74ea431\" data-element_type=\"widget\" data-e-type=\"widget\" data-widget_type=\"text-editor.default\">\n\t\t\t\t<div class=\"elementor-widget-container\">\n\t\t\t\t\t\t\t\t\t<h1>Informa\u00e7\u00e3o de acordo com \u00a7 5 TMG<br \/>CF Automotive Services GmbH<br \/>Wiebestra\u00dfe 36-37<br \/>10553 Berlim<\/h1><p>Registo comercial: 198363<br \/>Tribunal de Registo: Tribunal Local de Berlim Charlottenburg<\/p><p><strong>Representado pelos directores-gerais:<\/strong><br \/>Christian Hilbig, Florian Krayl<\/p><h2><strong>Contacto<\/strong><\/h2><p>Telefone: +(49) 173 86 26 313<br \/>E-mail: info@cf-motors.de<\/p><h2><strong>Imposto sobre o valor acrescentado<\/strong><\/h2><p>N\u00famero de identifica\u00e7\u00e3o fiscal de acordo com \u00a727 a Umsatzsteuergesetz:<br \/>DE319083719<\/p><h2><strong>Resolu\u00e7\u00e3o de disputas<\/strong><\/h2><p>A Comiss\u00e3o Europeia fornece uma plataforma para a resolu\u00e7\u00e3o de lit\u00edgios em linha (ODR):\u00a0<a href=\"https:\/\/ec.europa.eu\/consumers\/odr\" target=\"_blank\" rel=\"noopener noreferrer nofollow\">https:\/\/ec.europa.eu\/consumers\/odr<\/a>.<br \/>Pode encontrar o nosso endere\u00e7o de correio electr\u00f3nico na impress\u00e3o acima.<\/p><p>N\u00e3o estamos dispostos ou obrigados a participar em processos de resolu\u00e7\u00e3o de lit\u00edgios perante uma comiss\u00e3o de arbitragem de consumidores.<\/p><h3><strong>Responsabilidade pelo conte\u00fado<\/strong><\/h3><p>Como prestador de servi\u00e7os, somos respons\u00e1veis pelo nosso pr\u00f3prio conte\u00fado nestas p\u00e1ginas, em conformidade com a legisla\u00e7\u00e3o geral, nos termos do artigo 7 (1) da Lei alem\u00e3 de Telemedia (TMG). No entanto, de acordo com \u00a7\u00a7 8 a 10 TMG, n\u00e3o somos obrigados, como prestador de servi\u00e7os, a monitorizar informa\u00e7\u00f5es transmitidas ou armazenadas por terceiros ou a investigar circunst\u00e2ncias que indiquem actividade ilegal.<\/p><p>As obriga\u00e7\u00f5es de remover ou bloquear a utiliza\u00e7\u00e3o da informa\u00e7\u00e3o de acordo com as leis gerais n\u00e3o s\u00e3o afectadas por isto. No entanto, a responsabilidade a este respeito s\u00f3 \u00e9 poss\u00edvel a partir do momento em que se tem conhecimento de uma infrac\u00e7\u00e3o concreta. Se tivermos conhecimento de infrac\u00e7\u00f5es correspondentes, removeremos imediatamente este conte\u00fado.<\/p><h3><strong>Responsabilidade por liga\u00e7\u00f5es<\/strong><\/h3><p>A nossa oferta cont\u00e9m links para websites externos de terceiros, sobre cujos conte\u00fados n\u00e3o temos qualquer influ\u00eancia. Por conseguinte, n\u00e3o podemos assumir qualquer responsabilidade por estes conte\u00fados externos. O respectivo fornecedor ou operador das p\u00e1ginas \u00e9 sempre respons\u00e1vel pelo conte\u00fado das p\u00e1ginas ligadas. As p\u00e1ginas ligadas foram verificadas quanto a poss\u00edveis viola\u00e7\u00f5es legais no momento da liga\u00e7\u00e3o. Os conte\u00fados ilegais n\u00e3o eram reconhec\u00edveis no momento da liga\u00e7\u00e3o.<\/p><p>No entanto, um controlo permanente do conte\u00fado das p\u00e1ginas ligadas n\u00e3o \u00e9 razo\u00e1vel sem provas concretas de uma viola\u00e7\u00e3o da lei. Se tomarmos conhecimento de quaisquer infrac\u00e7\u00f5es \u00e0 lei, removeremos imediatamente tais liga\u00e7\u00f5es.<\/p><h3><strong>Direitos de autor<\/strong><\/h3><p>Os conte\u00fados e obras criados pelos operadores do s\u00edtio nestas p\u00e1ginas est\u00e3o sujeitos \u00e0 lei alem\u00e3 de direitos de autor. A duplica\u00e7\u00e3o, processamento, distribui\u00e7\u00e3o e qualquer tipo de explora\u00e7\u00e3o fora dos limites da lei de direitos de autor requerem o consentimento escrito do respectivo autor ou criador. Os downloads e c\u00f3pias deste site s\u00f3 s\u00e3o permitidos para uso privado e n\u00e3o comercial.<\/p><p>Na medida em que o conte\u00fado desta p\u00e1gina n\u00e3o tenha sido criado pelo operador, os direitos de autor de terceiros s\u00e3o respeitados. Em particular, o conte\u00fado de terceiros \u00e9 identificado como tal. No entanto, se tiver conhecimento de uma viola\u00e7\u00e3o dos direitos de autor, informe-nos em conformidade. Se tivermos conhecimento de qualquer infrac\u00e7\u00e3o, removeremos imediatamente esse conte\u00fado.<\/p><p>Fonte:\u00a0<a href=\"https:\/\/www.e-recht24.de\/\" rel=\"nofollow noopener\" target=\"_blank\">eRecht24<\/a><\/p>\t\t\t\t\t\t\t\t<\/div>\n\t\t\t\t<\/div>\n\t\t\t\t\t<\/div>\n\t\t<\/div>\n\t\t\t\t\t<\/div>\n\t\t<\/section>\n\t\t\t\t<\/div>","protected":false},"excerpt":{"rendered":"<p>Impressum Angaben gem\u00e4\u00df \u00a7 5 TMG CF Automotive Services GmbH Wiebestra\u00dfe 36-37 10553 Berlin Handelsregister: 198363 Registergericht: Amtsgericht Berlin Charlottenburg Vertreten durch die Gesch\u00e4ftsf\u00fchrer: Christian Hilbig, Florian Krayl Kontakt Telefon: +(49) 173 86 26 313 E-Mail: info@cf-motors.de Umsatzsteuer Umsatzsteuer-Identifikationsnummer gem\u00e4\u00df \u00a727 a Umsatzsteuergesetz: DE319083719 Streitschlichtung Die Europ\u00e4ische Kommission stellt eine Plattform zur Online-Streitbeilegung (OS) bereit:&nbsp;https:\/\/ec.europa.eu\/consumers\/odr. [&hellip;]<\/p>\n","protected":false},"author":1,"featured_media":0,"parent":0,"menu_order":0,"comment_status":"closed","ping_status":"closed","template":"","meta":{"footnotes":""},"class_list":["post-18676","page","type-page","status-publish","hentry"],"_links":{"self":[{"href":"https:\/\/cf-motors.de\/pt\/wp-json\/wp\/v2\/pages\/18676","targetHints":{"allow":["GET"]}}],"collection":[{"href":"https:\/\/cf-motors.de\/pt\/wp-json\/wp\/v2\/pages"}],"about":[{"href":"https:\/\/cf-motors.de\/pt\/wp-json\/wp\/v2\/types\/page"}],"author":[{"embeddable":true,"href":"https:\/\/cf-motors.de\/pt\/wp-json\/wp\/v2\/users\/1"}],"replies":[{"embeddable":true,"href":"https:\/\/cf-motors.de\/pt\/wp-json\/wp\/v2\/comments?post=18676"}],"version-history":[{"count":1,"href":"https:\/\/cf-motors.de\/pt\/wp-json\/wp\/v2\/pages\/18676\/revisions"}],"predecessor-version":[{"id":37375,"href":"https:\/\/cf-motors.de\/pt\/wp-json\/wp\/v2\/pages\/18676\/revisions\/37375"}],"wp:attachment":[{"href":"https:\/\/cf-motors.de\/pt\/wp-json\/wp\/v2\/media?parent=18676"}],"curies":[{"name":"wp","href":"https:\/\/api.w.org\/{rel}","templated":true}]}}